{"id":17,"date":"2017-04-04T12:01:28","date_gmt":"2017-04-04T10:01:28","guid":{"rendered":"http:\/\/orchidinspirationdays.com\/?page_id=17"},"modified":"2019-06-24T14:07:49","modified_gmt":"2019-06-24T12:07:49","slug":"impression","status":"publish","type":"page","link":"https:\/\/orchidinspirationdays.com\/de\/impression\/","title":{"rendered":"Impression"},"content":{"rendered":"<p>Vierzehn der besten Orchideenz\u00fcchtereien \u00f6ffnen ihre T\u00fcren f\u00fcr jeden, der sich von der Sch\u00f6nheit der Orchidee bezaubern lassen will. Bei H\u00e4ppchen und Getr\u00e4nken werden die prachtvollsten Produkte aus dem Sortiment sowie verschiedene Konzepte pr\u00e4sentiert.<\/p>\n<div class=\"vid\"><iframe loading=\"lazy\" title=\"Aftermovie Orchid Inspiration Days 2019\" width=\"500\" height=\"281\" src=\"https:\/\/www.youtube.com\/embed\/7jAOTBYq84Y?feature=oembed\" frameborder=\"0\" allow=\"accelerometer; autoplay; clipboard-write; encrypted-media; gyroscope; picture-in-picture; web-share\" referrerpolicy=\"strict-origin-when-cross-origin\" allowfullscreen><\/iframe><\/div>\n","protected":false},"excerpt":{"rendered":"<p class=\"excerpt\">Vierzehn der besten Orchideenz\u00fcchtereien \u00f6ffnen ihre T\u00fcren f\u00fcr jeden, der sich von der Sch\u00f6nheit der Orchidee bezaubern lassen will. Bei H\u00e4ppchen und Getr\u00e4nken werden die prachtvollsten Produkte aus dem Sortiment sowie verschiedene Konzepte pr\u00e4sentiert.<\/p>\n","protected":false},"author":1,"featured_media":0,"parent":0,"menu_order":10,"comment_status":"closed","ping_status":"closed","template":"template_impressie.php","meta":{"_acf_changed":false,"footnotes":""},"class_list":["post-17","page","type-page","status-publish","hentry"],"acf":[],"_links":{"self":[{"href":"https:\/\/orchidinspirationdays.com\/de\/wp-json\/wp\/v2\/pages\/17","targetHints":{"allow":["GET"]}}],"collection":[{"href":"https:\/\/orchidinspirationdays.com\/de\/wp-json\/wp\/v2\/pages"}],"about":[{"href":"https:\/\/orchidinspirationdays.com\/de\/wp-json\/wp\/v2\/types\/page"}],"author":[{"embeddable":true,"href":"https:\/\/orchidinspirationdays.com\/de\/wp-json\/wp\/v2\/users\/1"}],"replies":[{"embeddable":true,"href":"https:\/\/orchidinspirationdays.com\/de\/wp-json\/wp\/v2\/comments?post=17"}],"version-history":[{"count":11,"href":"https:\/\/orchidinspirationdays.com\/de\/wp-json\/wp\/v2\/pages\/17\/revisions"}],"predecessor-version":[{"id":909,"href":"https:\/\/orchidinspirationdays.com\/de\/wp-json\/wp\/v2\/pages\/17\/revisions\/909"}],"wp:attachment":[{"href":"https:\/\/orchidinspirationdays.com\/de\/wp-json\/wp\/v2\/media?parent=17"}],"curies":[{"name":"wp","href":"https:\/\/api.w.org\/{rel}","templated":true}]}}