{"id":29,"date":"2017-04-04T12:03:17","date_gmt":"2017-04-04T10:03:17","guid":{"rendered":"http:\/\/orchidinspirationdays.com\/?page_id=29"},"modified":"2017-04-13T15:38:21","modified_gmt":"2017-04-13T13:38:21","slug":"kontakt","status":"publish","type":"page","link":"https:\/\/orchidinspirationdays.com\/de\/kontakt\/","title":{"rendered":"Kontakt"},"content":{"rendered":"<p>M\u00f6chten Sie w\u00e4hrend den Orchid Inspiration Days bei einer der teilnehmenden Orchideenz\u00fcchtereien einen Blick hinter die Kulissen werfen?<\/p>\n<p>Schauen Sie sich hier die Route zwischen den verschiedenen Unternehmen an.<\/p>\n","protected":false},"excerpt":{"rendered":"<p class=\"excerpt\">M\u00f6chten Sie w\u00e4hrend den Orchid Inspiration Days bei einer der teilnehmenden Orchideenz\u00fcchtereien einen Blick hinter die Kulissen werfen? Schauen Sie sich hier die Route zwischen den verschiedenen Unternehmen an.<\/p>\n","protected":false},"author":1,"featured_media":0,"parent":0,"menu_order":50,"comment_status":"closed","ping_status":"closed","template":"template_contact.php","meta":{"_acf_changed":false,"footnotes":""},"class_list":["post-29","page","type-page","status-publish","hentry"],"acf":[],"_links":{"self":[{"href":"https:\/\/orchidinspirationdays.com\/de\/wp-json\/wp\/v2\/pages\/29","targetHints":{"allow":["GET"]}}],"collection":[{"href":"https:\/\/orchidinspirationdays.com\/de\/wp-json\/wp\/v2\/pages"}],"about":[{"href":"https:\/\/orchidinspirationdays.com\/de\/wp-json\/wp\/v2\/types\/page"}],"author":[{"embeddable":true,"href":"https:\/\/orchidinspirationdays.com\/de\/wp-json\/wp\/v2\/users\/1"}],"replies":[{"embeddable":true,"href":"https:\/\/orchidinspirationdays.com\/de\/wp-json\/wp\/v2\/comments?post=29"}],"version-history":[{"count":3,"href":"https:\/\/orchidinspirationdays.com\/de\/wp-json\/wp\/v2\/pages\/29\/revisions"}],"predecessor-version":[{"id":443,"href":"https:\/\/orchidinspirationdays.com\/de\/wp-json\/wp\/v2\/pages\/29\/revisions\/443"}],"wp:attachment":[{"href":"https:\/\/orchidinspirationdays.com\/de\/wp-json\/wp\/v2\/media?parent=29"}],"curies":[{"name":"wp","href":"https:\/\/api.w.org\/{rel}","templated":true}]}}