{"id":369,"date":"2017-04-04T10:07:04","date_gmt":"2017-04-04T08:07:04","guid":{"rendered":"http:\/\/orchidinspirationdays.com\/?page_id=2"},"modified":"2020-04-09T15:03:25","modified_gmt":"2020-04-09T13:03:25","slug":"orchid-inspiration-days","status":"publish","type":"page","link":"https:\/\/orchidinspirationdays.com\/de\/","title":{"rendered":"Orchid Inspiration Days"},"content":{"rendered":"<p><em>Das gesch\u00e4ftliche Orchideenevent vom Z\u00fcchter bis zum Endkunden<br \/>\n<\/em><br \/>\n<strong><br \/>\nEntdecken Sie die Orchidee in ihren inspirierendsten Formen<\/strong><br \/>\nElf Orchideenspezialisten aus den Niederlanden \u00f6ffnen ihre T\u00fcren, damit Kunden und Endkunden das Sortiment bewundern k\u00f6nnen. Die spektakul\u00e4ren Bl\u00fcten, besonderen Blattzeichnungen und auffallenden Farben der Orchidee bilden das verbindende Elemente zwischen den verschiedenen Z\u00fcchtern, wobei jeder Teilnehmer sich durch eigene Verpackungskonzepte, Neuheiten und andere gr\u00fcne und bl\u00fchende Produkte in seiner Kollektion differenziert.<br \/>\n<em><br \/>\n<strong>Abgesagt<\/strong><br \/>\n<\/em>Das j\u00e4hrliche Orchideenevent wird aufgrund der weltweiten Verbreitung von COVID-19 um ein Jahr verschoben. Lesen Sie die <a href=\"https:\/\/orchidinspirationdays.com\/de\/2020\/04\/09\/pressemitteilung-orchid-inspiration-days-2020-abgesagt\/\">Pressemitteilung<\/a>.<\/p>\n<p><em><br \/>\n11 Standorte, 7 Tage voller Orchid Inspiration Days<\/em><br \/>\nFolgen Sie der Route zu den Orchideenspezialisten der Orchid Inspiration Days in Nord- und S\u00fcd-Holland. Lernen Sie die elf Teilnehmer kennen:<\/p>\n<p><a href=\"http:\/\/orchidinspirationdays.com\/de\/unternehmen\/\"><img loading=\"lazy\" decoding=\"async\" class=\"alignnone wp-image-419 size-medium\" src=\"http:\/\/orchidinspirationdays.com\/de\/wp-content\/uploads\/sites\/5\/2017\/04\/klik_hier-02-klein-900x628.jpg\" alt=\"\" width=\"900\" height=\"628\" srcset=\"https:\/\/orchidinspirationdays.com\/de\/wp-content\/uploads\/sites\/5\/2017\/04\/klik_hier-02-klein-900x628.jpg 900w, https:\/\/orchidinspirationdays.com\/de\/wp-content\/uploads\/sites\/5\/2017\/04\/klik_hier-02-klein-768x536.jpg 768w, https:\/\/orchidinspirationdays.com\/de\/wp-content\/uploads\/sites\/5\/2017\/04\/klik_hier-02-klein.jpg 1100w\" sizes=\"auto, (max-width: 900px) 100vw, 900px\" \/><\/a><\/p>\n<p><strong>Das gesch\u00e4ftliche Orchideenevent<\/strong><br \/>\nExporteure, Gro\u00dfh\u00e4ndler, Klein- und Einzelh\u00e4ndler sind herzlich eingeladen zu einer inspirierenden Reise in die Welt der Orchidee. K\u00fcndigen Sie Ihren Besuch an, dann stehen wir gerne f\u00fcr Sie bereit, um Ihnen alles \u00fcber die prachtvollsten Produkte aus unserem Sortiment zu erz\u00e4hlen.<\/p>\n","protected":false},"excerpt":{"rendered":"<p class=\"excerpt\">Das gesch\u00e4ftliche Orchideenevent vom Z\u00fcchter bis zum Endkunden Entdecken Sie die Orchidee in ihren inspirierendsten Formen Elf Orchideenspezialisten aus den Niederlanden \u00f6ffnen ihre T\u00fcren, damit Kunden und Endkunden das Sortiment bewundern k\u00f6nnen. Die spektakul\u00e4ren Bl\u00fcten, besonderen Blattzeichnungen und auffallenden Farben der Orchidee bilden das verbindende Elemente zwischen den verschiedenen Z\u00fcchtern, wobei jeder Teilnehmer sich durch [&hellip;]<\/p>\n","protected":false},"author":1,"featured_media":0,"parent":0,"menu_order":30,"comment_status":"closed","ping_status":"open","template":"","meta":{"_acf_changed":false,"footnotes":""},"class_list":["post-369","page","type-page","status-publish","hentry"],"acf":[],"_links":{"self":[{"href":"https:\/\/orchidinspirationdays.com\/de\/wp-json\/wp\/v2\/pages\/369","targetHints":{"allow":["GET"]}}],"collection":[{"href":"https:\/\/orchidinspirationdays.com\/de\/wp-json\/wp\/v2\/pages"}],"about":[{"href":"https:\/\/orchidinspirationdays.com\/de\/wp-json\/wp\/v2\/types\/page"}],"author":[{"embeddable":true,"href":"https:\/\/orchidinspirationdays.com\/de\/wp-json\/wp\/v2\/users\/1"}],"replies":[{"embeddable":true,"href":"https:\/\/orchidinspirationdays.com\/de\/wp-json\/wp\/v2\/comments?post=369"}],"version-history":[{"count":20,"href":"https:\/\/orchidinspirationdays.com\/de\/wp-json\/wp\/v2\/pages\/369\/revisions"}],"predecessor-version":[{"id":945,"href":"https:\/\/orchidinspirationdays.com\/de\/wp-json\/wp\/v2\/pages\/369\/revisions\/945"}],"wp:attachment":[{"href":"https:\/\/orchidinspirationdays.com\/de\/wp-json\/wp\/v2\/media?parent=369"}],"curies":[{"name":"wp","href":"https:\/\/api.w.org\/{rel}","templated":true}]}}